{"id":23,"date":"2022-03-19T13:12:32","date_gmt":"2022-03-19T13:12:32","guid":{"rendered":"https:\/\/acram.pl\/site\/?page_id=23"},"modified":"2023-03-30T15:46:46","modified_gmt":"2023-03-30T15:46:46","slug":"kontakt","status":"publish","type":"page","link":"https:\/\/acram.pl\/pl\/kontakt\/","title":{"rendered":"Kontakt"},"content":{"rendered":"\n<hr class=\"wp-block-separator has-text-color has-css-opacity has-background\" style=\"background-color:#2074bf;color:#2074bf\"\/>\n\n\n\n<div class=\"wp-block-columns is-layout-flex wp-container-3\">\n<div class=\"wp-block-column is-layout-flow\">\n<h3 class=\"wp-block-heading\">Acram Sp. z o.o.<\/h3>\n\n\n\n<p><strong>siedziba:<\/strong><br>35-117 Rzesz\u00f3w<br>ul. Ple\u015bniarowicza 5\/2<\/p>\n\n\n\n<p><strong>oddzia\u0142:<\/strong><br>37-200 Przeworsk<br>ul. Rynek 27<\/p>\n\n\n\n<p class=\"has-background\" style=\"background-color:#1e73be\">tel.: <a href=\"tel:+48 17 200 04 04\" title=\"\">+48 17 200 04 04<\/a><br>email:&nbsp;<a href=\"mailto:biuro@acram.pl\" title=\"\">biuro@acram.pl<\/a><\/p>\n<\/div>\n\n\n\n<div class=\"wp-block-column is-layout-flow\"><div\n\t\t\t\n\t\t\tclass=\"so-widget-sow-contact-form so-widget-sow-contact-form-default-51739e81be19\"\n\t\t\t\n\t\t><h3 class=\"widget-title\">Skontaktuj si\u0119<\/h3>\t<form\n\t\taction=\"\/pl\/wp-json\/wp\/v2\/pages\/23\"\n\t\tmethod=\"POST\"\n\t\tclass=\"sow-contact-form\"\n\t\tid=\"contact-form-2542\"\n\t>\n\n\t\t\n\t\t            <div class=\"sow-form-field sow-form-field-name\">\n            \t<label class=\"sow-form-field-label-above\" for=\"sow-contact-form-field-imi-i-nazwisko-1126257088623881b2a625b073698717\">\n\t\t\t\t<strong>\n\t\t\t\t\tImi\u0119 i nazwisko\t\t\t\t\t\t\t\t\t<\/strong>\n\t\t\t<\/label>\n\t\t\t\t\t\t\t<span class=\"sow-field-container\">\n\t\t\t\t\t\t\t<input\n\t\t\ttype=\"text\"\n\t\t\tname=\"imi-i-nazwisko-1126257088623881b2a625b073698717\"\n\t\t\tid=\"sow-contact-form-field-imi-i-nazwisko-1126257088623881b2a625b073698717\"\n\t\t\tvalue=\"\"\n\t\t\tclass=\"sow-text-field\"\n\t\t\t\t\t\/>\n\t\t\t\t\t\t<\/span>\n\t\t\t\t\t\t\t<\/div>\n\t\t\t            <div class=\"sow-form-field sow-form-field-email\">\n            \t<label class=\"sow-form-field-label-above\" for=\"sow-contact-form-field-email-1126257088623881b2a625b073698717\">\n\t\t\t\t<strong>\n\t\t\t\t\tEmail\t\t\t\t\t\t\t\t\t<\/strong>\n\t\t\t<\/label>\n\t\t\t\t\t\t\t<span class=\"sow-field-container\">\n\t\t\t\t\t\t\t<input\n\t\t\ttype=\"email\"\n\t\t\tname=\"email-1126257088623881b2a625b073698717\"\n\t\t\tid=\"sow-contact-form-field-email-1126257088623881b2a625b073698717\"\n\t\t\tvalue=\"\"\n\t\t\tclass=\"sow-text-field\"\t\t\t\t\t\/>\n\t\t\t\t\t\t<\/span>\n\t\t\t\t\t                <div class=\"sow-form-field-description\">\n\t\t\t\t\t\tProsz\u0119 wpisa\u0107 email\t                <\/div>\n\t\t\t\t\t\t\t\t<\/div>\n\t\t\t            <div class=\"sow-form-field sow-form-field-subject\">\n            \t<label class=\"sow-form-field-label-above\" for=\"sow-contact-form-field-temat-1126257088623881b2a625b073698717\">\n\t\t\t\t<strong>\n\t\t\t\t\tTemat\t\t\t\t\t\t\t\t\t<\/strong>\n\t\t\t<\/label>\n\t\t\t\t\t\t\t<span class=\"sow-field-container\">\n\t\t\t\t\t\t\t<input\n\t\t\ttype=\"text\"\n\t\t\tname=\"temat-1126257088623881b2a625b073698717\"\n\t\t\tid=\"sow-contact-form-field-temat-1126257088623881b2a625b073698717\"\n\t\t\tvalue=\"\"\n\t\t\tclass=\"sow-text-field\"\n\t\t\t\t\t\t\t\t\/>\n\t\t\t\t\t\t<\/span>\n\t\t\t\t\t\t\t<\/div>\n\t\t\t            <div class=\"sow-form-field sow-form-field-textarea\">\n            \t<label class=\"sow-form-field-label-above\" for=\"sow-contact-form-field-tre-wiadomoci-1126257088623881b2a625b073698717\">\n\t\t\t\t<strong>\n\t\t\t\t\tTre\u015b\u0107 wiadomo\u015bci\t\t\t\t\t\t\t\t\t<\/strong>\n\t\t\t<\/label>\n\t\t\t\t\t\t\t<span class=\"sow-field-container\">\n\t\t\t\t\t\t\t<textarea\n\t\t\tname=\"tre-wiadomoci-1126257088623881b2a625b073698717\"\n\t\t\tid=\"sow-contact-form-field-tre-wiadomoci-1126257088623881b2a625b073698717\"\n\t\t\trows=\"10\"\n\t\t\t\t\t\t\t\t><\/textarea>\n\t\t\t\t\t\t<\/span>\n\t\t\t\t\t\t\t<\/div>\n\t\t\t\t\t\n\t\t\n\t\t\n\t\t<input type=\"hidden\" name=\"instance_hash\" value=\"25425aab112792cc5c20355d035ed306\" \/>\n\t\t<input type=\"hidden\" id=\"_wpnonce\" name=\"_wpnonce\" value=\"6efa62e34f\" \/><input type=\"hidden\" name=\"_wp_http_referer\" value=\"\/pl\/wp-json\/wp\/v2\/pages\/23\" \/>\t\t<div class=\"sow-submit-wrapper \">\n\n\t\t<button class=\"sow-submit\"\n\t\t\t\t\t\t\t\t>\n\t\t\tWy\u015blij\t\t<\/button>\n\n\t\t<\/div>\n\t<\/form>\n\t<\/div><\/div>\n<\/div>\n","protected":false},"excerpt":{"rendered":"<p>Acram Sp. z o.o. siedziba:35-117 Rzesz\u00f3wul. Ple\u015bniarowicza 5\/2 oddzia\u0142:37-200 Przeworskul. Rynek 27 tel.: +48 17 200 04 04email:&nbsp;biuro@acram.pl<\/p>\n","protected":false},"author":1,"featured_media":0,"parent":0,"menu_order":0,"comment_status":"closed","ping_status":"closed","template":"","meta":{"_mi_skip_tracking":false},"aioseo_notices":[],"_links":{"self":[{"href":"https:\/\/acram.pl\/pl\/wp-json\/wp\/v2\/pages\/23"}],"collection":[{"href":"https:\/\/acram.pl\/pl\/wp-json\/wp\/v2\/pages"}],"about":[{"href":"https:\/\/acram.pl\/pl\/wp-json\/wp\/v2\/types\/page"}],"author":[{"embeddable":true,"href":"https:\/\/acram.pl\/pl\/wp-json\/wp\/v2\/users\/1"}],"replies":[{"embeddable":true,"href":"https:\/\/acram.pl\/pl\/wp-json\/wp\/v2\/comments?post=23"}],"version-history":[{"count":2,"href":"https:\/\/acram.pl\/pl\/wp-json\/wp\/v2\/pages\/23\/revisions"}],"predecessor-version":[{"id":358,"href":"https:\/\/acram.pl\/pl\/wp-json\/wp\/v2\/pages\/23\/revisions\/358"}],"wp:attachment":[{"href":"https:\/\/acram.pl\/pl\/wp-json\/wp\/v2\/media?parent=23"}],"curies":[{"name":"wp","href":"https:\/\/api.w.org\/{rel}","templated":true}]}}