{"id":19,"date":"2022-03-19T13:12:01","date_gmt":"2022-03-19T13:12:01","guid":{"rendered":"https:\/\/acram.pl\/site\/?page_id=19"},"modified":"2023-12-06T09:23:24","modified_gmt":"2023-12-06T09:23:24","slug":"oferta","status":"publish","type":"page","link":"https:\/\/acram.pl\/pl\/oferta\/","title":{"rendered":"Oferta"},"content":{"rendered":"\n<hr class=\"wp-block-separator has-text-color has-css-opacity has-background\" style=\"background-color:#2074bf;color:#2074bf\"\/>\n\n\n\n<div class=\"wp-block-media-text alignwide has-media-on-the-right is-stacked-on-mobile is-vertically-aligned-top\" style=\"grid-template-columns:auto 36%\"><div class=\"wp-block-media-text__content\">\n<p><strong>Us\u0142ugi geodezyjne:<\/strong><\/p>\n\n\n\n<ul>\n<li>mapy do cel\u00f3w projektowych<\/li>\n\n\n\n<li>podzia\u0142y, rozgraniczenia, wznowienia znak\u00f3w granicznych nieruchomo\u015bci<\/li>\n\n\n\n<li>wytyczenia i inwentaryzacje obiekt\u00f3w kubaturowych jak i liniowych<\/li>\n\n\n\n<li>pomiary sytuacyjno \u2013 wysoko\u015bciowe<\/li>\n\n\n\n<li>mapy do cel\u00f3w prawnych, synchronizacje<\/li>\n\n\n\n<li>pomiary precyzyjne, przemieszcze\u0144, osiada\u0144 obiekt\u00f3w<\/li>\n\n\n\n<li>geodezyjna obs\u0142uga inwestycji<\/li>\n<\/ul>\n\n\n\n<p><strong>Us\u0142ugi fotogrametryczne (pomiary dronem):<\/strong><\/p>\n\n\n\n<ul>\n<li>pomiary obj\u0119to\u015bci mas ziemi, kruszywa, z\u0142omu, budynk\u00f3w i innych, dowolnych obiekt\u00f3w<\/li>\n\n\n\n<li>ortofotomapy\/ortomozaiki z pikselem o dok\u0142adno\u015bci od 1 do 10 cm<\/li>\n\n\n\n<li>modele 3D budynk\u00f3w, terenu, obiekt\u00f3w kubaturowych<\/li>\n\n\n\n<li>inwentaryzacje\/inspekcje napowietrznych linii elektrycznych, gazowych, turbin wiatrowych, paneli fotowoltaicznych<\/li>\n\n\n\n<li>inspekcje most\u00f3w, komin\u00f3w, dach\u00f3w, urz\u0105dze\u0144 montowanych na dachu, element\u00f3w budynku<\/li>\n\n\n\n<li>inspekcje stacji bazowych telefonii kom\u00f3rkowej, maszt\u00f3w, urz\u0105dze\u0144<\/li>\n\n\n\n<li>numeryczne modele terenu<\/li>\n\n\n\n<li>chmury punkt\u00f3w<\/li>\n\n\n\n<li>pomiary powierzchni dach\u00f3w oraz ich spadk\u00f3w (np. na potrzeby monta\u017cu instalacji fotowoltaicznych)<\/li>\n\n\n\n<li>bie\u017c\u0105ce inwentaryzacje stanu plac\u00f3w budowy, obiekt\u00f3w budowlanych<\/li>\n\n\n\n<li>inspekcje teren\u00f3w le\u015bnych, rzek i row\u00f3w melioracyjnych, p\u00f3l uprawnych (weryfikacja zasiewu, sprawdzenie stanu upraw, analiza zniszcze\u0144 &#8211; rolnictwo precyzyjne)<\/li>\n<\/ul>\n\n\n\n<p><strong>Us\u0142ugi batymetryczne:<\/strong><\/p>\n\n\n\n<ul>\n<li>pomiary g\u0142\u0119boko\u015bci zbiornik\u00f3w wodnych<\/li>\n\n\n\n<li>\u017cwirowni<\/li>\n\n\n\n<li>kopalni<\/li>\n\n\n\n<li>przekroje, rze\u017aby, modele 3D dna<\/li>\n<\/ul>\n<\/div><figure class=\"wp-block-media-text__media\"><img decoding=\"async\" loading=\"lazy\" width=\"1024\" height=\"1024\" src=\"https:\/\/acram.pl\/pl\/wp-content\/uploads\/2022\/03\/05-1024x1024.jpg\" alt=\"\" class=\"wp-image-276 size-full\" srcset=\"https:\/\/acram.pl\/pl\/wp-content\/uploads\/2022\/03\/05-1024x1024.jpg 1024w, https:\/\/acram.pl\/pl\/wp-content\/uploads\/2022\/03\/05-300x300.jpg 300w, https:\/\/acram.pl\/pl\/wp-content\/uploads\/2022\/03\/05-150x150.jpg 150w, https:\/\/acram.pl\/pl\/wp-content\/uploads\/2022\/03\/05-768x768.jpg 768w, https:\/\/acram.pl\/pl\/wp-content\/uploads\/2022\/03\/05.jpg 1080w\" sizes=\"(max-width: 1024px) 100vw, 1024px\" \/><\/figure><\/div>\n\n\n\n<hr class=\"wp-block-separator has-text-color has-css-opacity has-background\" style=\"background-color:#2074bf;color:#2074bf\"\/>\n\n\n\n<div class=\"wp-block-buttons is-content-justification-center is-layout-flex wp-container-1\">\n<div class=\"wp-block-button is-style-fill\"><a class=\"wp-block-button__link has-background wp-element-button\" href=\"https:\/\/acram.pl\/pl\/kontakt\" style=\"background-color:#2074bf\">ZAPYTAJ O US\u0141UG\u0118<\/a><\/div>\n<\/div>\n","protected":false},"excerpt":{"rendered":"","protected":false},"author":1,"featured_media":0,"parent":0,"menu_order":0,"comment_status":"closed","ping_status":"closed","template":"","meta":{"_mi_skip_tracking":false},"aioseo_notices":[],"_links":{"self":[{"href":"https:\/\/acram.pl\/pl\/wp-json\/wp\/v2\/pages\/19"}],"collection":[{"href":"https:\/\/acram.pl\/pl\/wp-json\/wp\/v2\/pages"}],"about":[{"href":"https:\/\/acram.pl\/pl\/wp-json\/wp\/v2\/types\/page"}],"author":[{"embeddable":true,"href":"https:\/\/acram.pl\/pl\/wp-json\/wp\/v2\/users\/1"}],"replies":[{"embeddable":true,"href":"https:\/\/acram.pl\/pl\/wp-json\/wp\/v2\/comments?post=19"}],"version-history":[{"count":8,"href":"https:\/\/acram.pl\/pl\/wp-json\/wp\/v2\/pages\/19\/revisions"}],"predecessor-version":[{"id":380,"href":"https:\/\/acram.pl\/pl\/wp-json\/wp\/v2\/pages\/19\/revisions\/380"}],"wp:attachment":[{"href":"https:\/\/acram.pl\/pl\/wp-json\/wp\/v2\/media?parent=19"}],"curies":[{"name":"wp","href":"https:\/\/api.w.org\/{rel}","templated":true}]}}