{"id":15,"date":"2022-03-19T13:10:23","date_gmt":"2022-03-19T13:10:23","guid":{"rendered":"https:\/\/acram.pl\/site\/?page_id=15"},"modified":"2023-03-30T15:20:51","modified_gmt":"2023-03-30T15:20:51","slug":"strona-glowna","status":"publish","type":"page","link":"https:\/\/acram.pl\/pl\/","title":{"rendered":"Acram"},"content":{"rendered":"\n<p><\/p>\n\n\n\n<blockquote class=\"wp-block-quote is-style-plain\">\n<p class=\"has-text-align-center\">oznacza po \u0142aci\u0144sku akr, czyli jednostk\u0119 miary powierzchni grunt\u00f3w,<br>kt\u00f3rej u\u017cywa si\u0119 w krajach anglosaskich.<\/p>\n<\/blockquote>\n\n\n\n<hr class=\"wp-block-separator has-text-color has-css-opacity has-background\" style=\"background-color:#2074bf;color:#2074bf\"\/>\n\n\n\n<div class=\"wp-block-media-text alignwide has-media-on-the-right is-stacked-on-mobile\"><div class=\"wp-block-media-text__content\">\n<p><strong>Acram Sp. z o.o. to firma z wieloletni\u0105 tradycj\u0105.<\/strong><\/p>\n\n\n\n<p>Pocz\u0105tki biznesu si\u0119gaj\u0105 1991 roku. Dzia\u0142alno\u015b\u0107 obejmuje fotogrametri\u0119 \u2013 <strong>pomiary precyzyjnym dronem<\/strong> i batymetri\u0119 \u2013 <strong>pomiary g\u0142\u0119boko\u015bci zbiornik\u00f3w wodnych<\/strong>, a tak\u017ce pe\u0142en zakres us\u0142ug geodezyjnych, do kt\u00f3rych zalicza si\u0119 geodezyjn\u0105 obs\u0142ug\u0119 inwestycji, mapy do cel\u00f3w projektowych, a tak\u017ce inwentaryzacje obiekt\u00f3w budowlanych oraz wznowienia znak\u00f3w granicznych, podzia\u0142y, rozgraniczenia i inne.<\/p>\n\n\n\n<p>Prace z dziedziny fotogrametrii i batymetrii realizowane s\u0105 za pomoc\u0105 bezza\u0142ogowych, zautomatyzowanych pojazd\u00f3w lataj\u0105cych i p\u0142ywaj\u0105cych.<\/p>\n<\/div><figure class=\"wp-block-media-text__media\"><img decoding=\"async\" loading=\"lazy\" width=\"1024\" height=\"879\" src=\"https:\/\/acram.pl\/pl\/wp-content\/uploads\/2022\/03\/06-1024x879.jpg\" alt=\"\" class=\"wp-image-249 size-full\" srcset=\"https:\/\/acram.pl\/pl\/wp-content\/uploads\/2022\/03\/06-1024x879.jpg 1024w, https:\/\/acram.pl\/pl\/wp-content\/uploads\/2022\/03\/06-300x258.jpg 300w, https:\/\/acram.pl\/pl\/wp-content\/uploads\/2022\/03\/06-768x659.jpg 768w, https:\/\/acram.pl\/pl\/wp-content\/uploads\/2022\/03\/06.jpg 1080w\" sizes=\"(max-width: 1024px) 100vw, 1024px\" \/><\/figure><\/div>\n\n\n\n<p class=\"has-background\" style=\"background-color:#f4f5f7\">Lata praktyki da\u0142y nam czas na zdobycie cennego do\u015bwiadczenia. Zatrudniamy wykwalifikowanych pracownik\u00f3w, dzi\u0119ki czemu mo\u017cemy realizowa\u0107 wszystkie projekty na jak najwy\u017cszym poziomie, dok\u0142adnie, rzetelnie i terminowo. Niew\u0105tpliwie najwi\u0119kszym atutem naszej firmy jest wysoka jako\u015b\u0107 \u015bwiadczonych us\u0142ug. Posiadamy najnowszy sprz\u0119t GPS, tachimetryczny i niwelacyjny, a tak\u017ce lotniczy renomowanych marek, do kt\u00f3rych nale\u017c\u0105 Nikon, Leica czy DJI. Profesjonalizm owocuje zadowoleniem klient\u00f3w, kt\u00f3rymi s\u0105 przedsi\u0119biorstwa, organy samorz\u0105dowe, osoby prywatne. Us\u0142ugi \u015bwiadczymy na rynku krajowym, jak i zagranicznym.<\/p>\n\n\n\n<hr class=\"wp-block-separator has-text-color has-css-opacity has-background\" style=\"background-color:#2074bf;color:#2074bf\"\/>\n\n\n\n<div class=\"wp-block-buttons is-content-justification-center is-layout-flex wp-container-1\">\n<div class=\"wp-block-button is-style-fill\"><a class=\"wp-block-button__link has-background wp-element-button\" href=\"https:\/\/acram.pl\/pl\/kontakt\" style=\"background-color:#2074bf\">SKONTAKTUJ SI\u0118!<\/a><\/div>\n<\/div>\n","protected":false},"excerpt":{"rendered":"<p>oznacza po \u0142aci\u0144sku akr, czyli jednostk\u0119 miary powierzchni grunt\u00f3w,kt\u00f3rej u\u017cywa si\u0119 w krajach anglosaskich. Acram Sp. z o.o. to firma z wieloletni\u0105 [&hellip;]<\/p>\n","protected":false},"author":1,"featured_media":0,"parent":0,"menu_order":0,"comment_status":"closed","ping_status":"closed","template":"","meta":{"_mi_skip_tracking":false},"aioseo_notices":[],"_links":{"self":[{"href":"https:\/\/acram.pl\/pl\/wp-json\/wp\/v2\/pages\/15"}],"collection":[{"href":"https:\/\/acram.pl\/pl\/wp-json\/wp\/v2\/pages"}],"about":[{"href":"https:\/\/acram.pl\/pl\/wp-json\/wp\/v2\/types\/page"}],"author":[{"embeddable":true,"href":"https:\/\/acram.pl\/pl\/wp-json\/wp\/v2\/users\/1"}],"replies":[{"embeddable":true,"href":"https:\/\/acram.pl\/pl\/wp-json\/wp\/v2\/comments?post=15"}],"version-history":[{"count":9,"href":"https:\/\/acram.pl\/pl\/wp-json\/wp\/v2\/pages\/15\/revisions"}],"predecessor-version":[{"id":342,"href":"https:\/\/acram.pl\/pl\/wp-json\/wp\/v2\/pages\/15\/revisions\/342"}],"wp:attachment":[{"href":"https:\/\/acram.pl\/pl\/wp-json\/wp\/v2\/media?parent=15"}],"curies":[{"name":"wp","href":"https:\/\/api.w.org\/{rel}","templated":true}]}}